{"id":2288,"date":"2015-04-07T11:45:16","date_gmt":"2015-04-07T11:45:16","guid":{"rendered":"http:\/\/lescapucines.ca\/wp\/"},"modified":"2020-11-03T16:26:13","modified_gmt":"2020-11-03T16:26:13","slug":"home-2","status":"publish","type":"page","link":"http:\/\/lescapucines.ca\/wp\/","title":{"rendered":"Home"},"content":{"rendered":"<div class='grid_row clearfix' style='padding-top: 30px;'><div class='grid_col grid_col_8'><div class='ce clearfix'><div>\n<h4 class=\"ce_title\" style=\"font-size: 50px;\">Qui sommes nous?<\/h4>\n<p>L\u2019acad\u00e9mie les capucines est une garderie reconnue par le minist\u00e8re de la famille accueillant des enfants de la pouponni\u00e8re jusqu\u2019au pr\u00e9scolaire. L\u2019acad\u00e9mie est ouverte de septembre \u00e0 aout et du lundi au vendredi et durant les vacances scolaires.<\/p>\n<a href='about-2' class='cws_button'>En savoir plus<\/a>\n<\/div><\/div><\/div><div class='grid_col grid_col_4'><div class='ce clearfix'><div><img loading=\"lazy\" class=\"alignnone wp-image-5034 noborder\" src=\"http:\/\/lescapucines.ca\/wp\/wp-content\/uploads\/2020\/09\/logo-e1600357566147.png\" alt=\"\" width=\"311\" height=\"195\" srcset=\"http:\/\/lescapucines.ca\/wp\/wp-content\/uploads\/2020\/09\/logo-e1600357566147.png 395w, http:\/\/lescapucines.ca\/wp\/wp-content\/uploads\/2020\/09\/logo-e1600357566147-768x482.png 768w, http:\/\/lescapucines.ca\/wp\/wp-content\/uploads\/2020\/09\/logo-e1600357566147-100x62.png 100w, http:\/\/lescapucines.ca\/wp\/wp-content\/uploads\/2020\/09\/logo-e1600357566147-230x144.png 230w\" sizes=\"(max-width: 311px) 100vw, 311px\" \/><\/div><\/div><\/div><\/div><div class='grid_row clearfix'><div class='grid_col grid_col_12'><div class='ce clearfix'><div>\n<hr>\n<\/div><\/div><\/div><\/div><div class='grid_row clearfix'><div class='grid_col grid_col_12'><div class='ce clearfix'><div>\n<h3 class=\"ce_title\" style=\"text-align: center; font-size: 50px;\">\u00c0 l&rsquo;acad\u00e9mie le jeu et<span style=\"color: #fec20b;\"> le plaisir vont ensemble&#8230;<\/span><\/h3>\n<\/div><\/div><\/div><\/div><div class='grid_row clearfix'><div class='grid_col grid_col_4'><div class='ce clearfix'><div>\n<div class='cws_fa_tbl'><div class='cws_fa_tbl_row'><div class='cws_fa_tbl_cell size_1x'><div class='cws_fa_wrapper round'><i class='cws_fa fa fa-1x fa-university'><\/i><span class='ring'><\/span><\/div><\/div><div class='cws_fa_tbl_cell'><h2><span class=\"tlid-translation translation\" lang=\"fr\"><span class=\"\" title=\"\">Apprendre en jouant<\/span><\/span><\/h2><\/div><\/div><div class='cws_fa_tbl_row'><div class='cws_fa_tbl_cell'><\/div><div class='cws_fa_tbl_cell'>\n\n<div class=\"ce clearfix\">\n<div>\n<div class=\"cws_fa_tbl\">\n<div class=\"cws_fa_tbl_row\">\n<div class=\"cws_fa_tbl_cell\">\n<p>Le jeu est une mani&egrave;re attrayante &agrave; l&rsquo;aide de mat&eacute;riel ludique de favoriser l&rsquo;apprentisage<span class=\"st\">.<\/span><\/div><\/div><\/div>\n<\/div>\n<\/div>\n<\/div>\n<\/div>\n<\/div>\n<\/div><\/div><div class='ce clearfix'><div>\n<div class='cws_fa_tbl'><div class='cws_fa_tbl_row'><div class='cws_fa_tbl_cell size_1x'><div class='cws_fa_wrapper round'><i class='cws_fa fa fa-1x fa-book'><\/i><span class='ring'><\/span><\/div><\/div><div class='cws_fa_tbl_cell'><h2>Projet \u00c9ducatif<\/h2><\/div><\/div><div class='cws_fa_tbl_row'><div class='cws_fa_tbl_cell'><\/div><div class='cws_fa_tbl_cell'>\n\n<p>L&rsquo;acad\u00e9mie les capucines est une pr\u00e9maternelle, un lieu d&rsquo;\u00e9ducation et d&rsquo;apprentissage avec des objectifs pr\u00e9cis.<\/div><\/div><\/div>\n<\/div><\/div><\/div><div class='grid_col grid_col_4'><div class='ce clearfix'><div>\n<div class='cws_fa_tbl'><div class='cws_fa_tbl_row'><div class='cws_fa_tbl_cell size_1x'><div class='cws_fa_wrapper round'><i class='cws_fa fa fa-1x fa-child'><\/i><span class='ring'><\/span><\/div><\/div><div class='cws_fa_tbl_cell'><h2>Repas et Collation<\/h2><\/div><\/div><div class='cws_fa_tbl_row'><div class='cws_fa_tbl_cell'><\/div><div class='cws_fa_tbl_cell'>\n\n<p align=\"justify\">Deux collations et un repas complet sont servis \u00e0 tous les jours. Le d\u00eener est \u00e9labor\u00e9 en fonction du guide alimentaire canadien.<\/div><\/div><\/div>\n<\/div><\/div><\/div><div class='grid_col grid_col_4'><div class='ce clearfix'><div>\n<div class='cws_fa_tbl'><div class='cws_fa_tbl_row'><div class='cws_fa_tbl_cell size_1x'><div class='cws_fa_wrapper round'><i class='cws_fa fa fa-1x fa-heart'><\/i><span class='ring'><\/span><\/div><\/div><div class='cws_fa_tbl_cell'><h2>Vivre ensemble<\/h2><\/div><\/div><div class='cws_fa_tbl_row'><div class='cws_fa_tbl_cell'><\/div><div class='cws_fa_tbl_cell'>\n\n<p align=\"JUSTIFY\">Apprendre \u00e0 communiquer, \u00e0 prendre la parole et \u00e0 \u00e9couter l&rsquo;autre dans le respect.<\/div><\/div><\/div>\n<\/div><\/div><div class='ce clearfix'><div>\n<div class='cws_fa_tbl'><div class='cws_fa_tbl_row'><div class='cws_fa_tbl_cell size_1x'><div class='cws_fa_wrapper round'><i class='cws_fa fa fa-1x fa-users'><\/i><span class='ring'><\/span><\/div><\/div><div class='cws_fa_tbl_cell'><h2>Activit\u00e9 Physique<\/h2><\/div><\/div><div class='cws_fa_tbl_row'><div class='cws_fa_tbl_cell'><\/div><div class='cws_fa_tbl_cell'>\n\n<p>Plusieurs opportunit\u00e9s de faire de l\u2019activit\u00e9 physique dans un cadre s\u00e9curitaire, amusant et enti\u00e8rement adapt\u00e9. <\/div><\/div><\/div>\n<\/div><\/div><\/div><\/div><div class='grid_row clearfix'><div class='grid_col grid_col_12'><div class='ce clearfix'><div>\n\n<\/div><\/div><\/div><\/div><div class='grid_row clearfix' style='padding-top: 50px;padding-bottom: 50px;'><div class='grid_col grid_col_12'><div class='ce clearfix'><div  class='cws_callout'><div class='content_section'><div class='callout_title'>CONTACTEZ-NOUS!<\/div><div class='separate'><\/div><div class='callout_text'>\n<div id=\"comp-jm8ht2us6\" class=\"txtNew\" data-packed=\"true\" data-vertical-text=\"false\">\n<h4 class=\"font_2\">Vous souhaitez en savoir plus sur l&rsquo;acad\u00e9mie les Capucines?<\/h4>\n<\/div>\n<div id=\"comp-jm8ht2us7\" class=\"txtNew\" data-packed=\"true\" data-vertical-text=\"false\">\n<p class=\"font_7\">N&rsquo;h\u00e9sitez pas \u00e0 nous contacter et un membre de notre \u00e9quipe vous r\u00e9pondra dans les plus brefs d\u00e9lais.<\/p>\n<\/div>\n<\/div><\/div><div class='button_section'><a href='http:\/\/lescapucines.ca\/wp\/contact1\/' class='cws_button xlarge' >Planifi\u00e9 une visite<div class='button-shadow'><\/div><\/a><\/div><\/div><\/div><\/div><\/div>\n","protected":false},"excerpt":{"rendered":"","protected":false},"author":1,"featured_media":0,"parent":0,"menu_order":0,"comment_status":"closed","ping_status":"closed","template":"","meta":[],"_links":{"self":[{"href":"http:\/\/lescapucines.ca\/wp\/wp-json\/wp\/v2\/pages\/2288"}],"collection":[{"href":"http:\/\/lescapucines.ca\/wp\/wp-json\/wp\/v2\/pages"}],"about":[{"href":"http:\/\/lescapucines.ca\/wp\/wp-json\/wp\/v2\/types\/page"}],"author":[{"embeddable":true,"href":"http:\/\/lescapucines.ca\/wp\/wp-json\/wp\/v2\/users\/1"}],"replies":[{"embeddable":true,"href":"http:\/\/lescapucines.ca\/wp\/wp-json\/wp\/v2\/comments?post=2288"}],"version-history":[{"count":47,"href":"http:\/\/lescapucines.ca\/wp\/wp-json\/wp\/v2\/pages\/2288\/revisions"}],"predecessor-version":[{"id":5405,"href":"http:\/\/lescapucines.ca\/wp\/wp-json\/wp\/v2\/pages\/2288\/revisions\/5405"}],"wp:attachment":[{"href":"http:\/\/lescapucines.ca\/wp\/wp-json\/wp\/v2\/media?parent=2288"}],"curies":[{"name":"wp","href":"https:\/\/api.w.org\/{rel}","templated":true}]}}